{"id":5396,"date":"2023-04-12T14:45:11","date_gmt":"2023-04-12T21:45:11","guid":{"rendered":"http:\/\/photo-makers.com\/?page_id=5396"},"modified":"2026-01-11T17:41:49","modified_gmt":"2026-01-12T01:41:49","slug":"faqs","status":"publish","type":"page","link":"https:\/\/photo-makers.com\/es\/faqs\/","title":{"rendered":"Preguntas Frecuentes"},"content":{"rendered":"<div data-elementor-type=\"wp-page\" data-elementor-id=\"5396\" class=\"elementor elementor-5396\" data-elementor-post-type=\"page\">\n\t\t\t\t\t\t<section class=\"elementor-section elementor-top-section elementor-element elementor-element-27ceaa7d elementor-section-boxed elementor-section-height-default elementor-section-height-default\" data-id=\"27ceaa7d\" data-element_type=\"section\">\n\t\t\t\t\t\t<div class=\"elementor-container elementor-column-gap-default\">\n\t\t\t\t\t<div class=\"elementor-column elementor-col-100 elementor-top-column elementor-element elementor-element-7a3006a5\" data-id=\"7a3006a5\" data-element_type=\"column\">\n\t\t\t<div class=\"elementor-widget-wrap elementor-element-populated\">\n\t\t\t\t\t\t<div class=\"elementor-element elementor-element-67df72c4 elementor-widget elementor-widget-text-editor\" data-id=\"67df72c4\" data-element_type=\"widget\" data-widget_type=\"text-editor.default\">\n\t\t\t\t<div class=\"elementor-widget-container\">\n\t\t\t\t\t\t\t\t\t<h4><span style=\"color: #000000;\"><b>About Portrait Photography<\/b><\/span><\/h4>\n<ul>\n<li><span style=\"color: #000000;\"><strong>\u00bfQu\u00e9 es la fotograf\u00eda de retrato?<\/strong><\/span>\n<ul>\n<li><span style=\"font-weight: 400; color: #000000;\">Portrait photography is the art of capturing the moments of a person or group of people. It can range from casual snapshots to formal, posed portraits that highlight your personality.<\/span><span style=\"color: #000000;\"><!-- \/wp:paragraph --><!-- wp:paragraph --><\/span><span style=\"color: #000000;\"><!-- \/wp:paragraph --><!-- wp:paragraph --><\/span><\/li>\n<\/ul>\n<\/li>\n<li><span style=\"color: #000000;\"><strong>\u00bfQu\u00e9 diferencia a su estudio de fotograf\u00eda de retrato de otros fot\u00f3grafos de retrato?<\/strong><\/span>\n<ul>\n<li><span style=\"color: #000000;\">Nuestro estudio cuenta con fot\u00f3grafos experimentados y talentosos que est\u00e1n apasionados por capturar tu aspecto y personalidad \u00fanicos. Tambi\u00e9n ofrecemos una amplia gama de servicios, que incluyen accesorios, retoques, fondos y escenarios estacionales.<\/span><span style=\"color: #000000;\"><!-- \/wp:paragraph --><!-- wp:paragraph --><\/span><\/li>\n<\/ul>\n<\/li>\n<\/ul>\n<div><span style=\"color: #000000;\">\u00a0<\/span><\/div>\n<h4 data-start=\"731\" data-end=\"756\"><span style=\"color: #000000;\">Comfort &amp; Confidence<\/span><\/h4>\n<ul>\n<li><span style=\"color: #000000;\"><strong>Odio que me tomen fotos. \u00bfC\u00f3mo me har\u00e1n lucir bien?<\/strong><\/span><span style=\"color: #000000;\"><!-- \/wp:paragraph --><!-- wp:paragraph --><\/span>\n<ul>\n<li><span style=\"color: #000000;\">We\u2019ll guide you through poses that highlight your best features and make you feel comfortable in front of the camera. Our editing process ensures your final images look polished and professional, while still maintaining a natural look.<\/span><\/li>\n<\/ul>\n<\/li>\n<\/ul>\n<div><span style=\"color: #000000;\">\u00a0<\/span><\/div>\n<h4 data-start=\"1070\" data-end=\"1093\"><span style=\"color: #000000;\">Booking &amp; Payments<\/span><\/h4>\n<p><span style=\"color: #000000;\"><!-- \/wp:paragraph --><!-- wp:paragraph --><\/span><\/p>\n<ul>\n<li><span style=\"color: #000000;\"><strong>\u00bfEs necesario hacer un dep\u00f3sito para una cita?<\/strong> <a style=\"color: #000000;\" href=\"http:\/\/photo-makers.com\/es\/appointments\/\">Reservar aqu\u00ed<\/a><\/span>\n<ul>\n<li><span style=\"color: #000000;\">A deposit of $50.00 is required to secure your booking.<\/span><\/li>\n<\/ul>\n<\/li>\n<li><span style=\"color: #000000;\"><strong>How many times can I reschedule?<\/strong><\/span>\n<ul>\n<li><span style=\"color: #000000;\">Appointments may be rescheduled up to <strong data-start=\"207\" data-end=\"224\" data-is-only-node=\"\">two (2) times<\/strong>. Any additional reschedule requests will result in automatic cancellation of the appointment, and the deposit will be forfeited.<\/span><\/li>\n<\/ul>\n<\/li>\n<li><span style=\"color: #000000;\"><strong>\u00bfHay un l\u00edmite de tiempo para mi sesi\u00f3n de retratos?<\/strong><\/span>\n<ul>\n<li><span style=\"color: #000000;\">Por lo general, las sesiones de retratos duran 30 minutos. Sin embargo, podemos ajustar la duraci\u00f3n de tu sesi\u00f3n para adaptarnos a tus necesidades. De lunes a viernes, podemos hacer sesiones de 30 a 60 minutos; los s\u00e1bados y domingos est\u00e1n limitados a 30 minutos.<\/span><\/li>\n<\/ul>\n<\/li>\n<li><span style=\"color: #000000;\"><span style=\"color: #000000;\"><span style=\"font-weight: bold;\">When is payment due?<\/span><\/span><\/span><br \/>\n<ul style=\"font-size: 16px; font-style: normal; font-weight: 400;\">\n<li style=\"font-size: 16px;\"><span style=\"color: #000000;\">Payment is due the day of your photoshoot.<\/span><\/li>\n<\/ul>\n<div>\u00a0<\/div>\n<\/li>\n<\/ul>\n<h4 data-start=\"1374\" data-end=\"1394\"><span style=\"color: #000000;\">Session Details<\/span><\/h4>\n<p><span style=\"color: #000000;\"><!-- \/wp:paragraph --><!-- wp:paragraph --><\/span><\/p>\n<ul>\n<li><span style=\"color: #000000;\"><strong>\u00bfPuedo traer varias prendas?<\/strong><\/span><span style=\"color: #000000;\"><!-- \/wp:paragraph --><!-- wp:paragraph --><\/span>\n<ul>\n<li><span style=\"color: #000000;\">Yes, you are welcome to bring multiple outfits. This will allow us to create a variety of looks for your photos. Please review the different packages we offer for outfit changes.<\/span><span style=\"color: #000000;\"><!-- \/wp:paragraph --><!-- wp:paragraph --><\/span><\/li>\n<\/ul>\n<\/li>\n<li><span style=\"color: #000000;\"><strong>\u00bfHay un l\u00edmite en el n\u00famero de poses?<\/strong><\/span><span style=\"color: #000000;\"><!-- \/wp:paragraph --><!-- wp:paragraph --><\/span>\n<ul>\n<li><span style=\"color: #000000;\">No, there is no limit to the number of poses. <span style=\"font-weight: 400;\">We\u2019ll work with you to create as many poses as time allows for your booking.<\/span><\/span><span style=\"color: #000000;\"><!-- \/wp:paragraph --><!-- wp:paragraph --><\/span><\/li>\n<\/ul>\n<\/li>\n<li><span style=\"color: #000000;\"><strong>\u00bfPuedo hacer mis retratos en otra ubicaci\u00f3n?<\/strong><\/span><span style=\"color: #000000;\"><!-- \/wp:paragraph --><!-- wp:paragraph --><\/span>\n<ul>\n<li><span style=\"font-weight: 400; color: #000000;\">Currently, all sessions are held in our studio.<\/span><\/li>\n<\/ul>\n<\/li>\n<\/ul>\n<div><span style=\"color: #000000;\">\u00a0<\/span><\/div>\n<h4 data-start=\"1961\" data-end=\"1991\"><span style=\"color: #000000;\">Deliverables &amp; Turnaround<\/span><\/h4>\n<p><span style=\"color: #000000;\"><!-- \/wp:paragraph --><!-- wp:paragraph --><\/span><\/p>\n<ul>\n<li><span style=\"color: #000000;\"><strong>\u00bfCu\u00e1nto tiempo tardar\u00e9 en recibir mis im\u00e1genes?<\/strong><\/span>\n<ul>\n<li><span style=\"font-weight: 400; color: #000000;\">\u00a0Images are typically delivered within 4-7 business days after your session. Orders may be expedited with a 35% fee on top of the package.<\/span><span style=\"color: #000000;\"><!-- \/wp:paragraph --><!-- wp:paragraph --><\/span><span style=\"color: #000000;\"><!-- \/wp:paragraph --><!-- wp:paragraph --><\/span><\/li>\n<\/ul>\n<\/li>\n<li><span style=\"color: #000000;\"><strong>\u00bfCu\u00e1l es su pol\u00edtica de pago?<\/strong><\/span>\n<ul>\n<li><span style=\"font-weight: 400; color: #000000;\">We accept cash, credit, and debit cards. Valid ID must be present while paying.<\/span><span style=\"color: #000000;\"><!-- \/wp:paragraph --><!-- wp:paragraph --><\/span><\/li>\n<\/ul>\n<\/li>\n<\/ul>\n<div><span style=\"color: #000000;\">\u00a0<\/span><\/div>\n<h4 data-start=\"2178\" data-end=\"2201\"><span style=\"color: #000000;\">Packages &amp; Options<\/span><\/h4>\n<p><span style=\"color: #000000;\"><!-- \/wp:paragraph --><!-- wp:paragraph --><\/span><\/p>\n<ul>\n<li><span style=\"color: #000000;\"><strong>\u00bfOfrecen paquetes?<\/strong> <a style=\"color: #000000;\" href=\"http:\/\/photo-makers.com\/es\/prices\/\">Men\u00fa de precios<\/a><\/span>\n<ul>\n<li><span style=\"font-weight: 400; color: #000000;\"> Yes, we offer a variety of packages to fit your budget and needs:<\/span>\n<ul>\n<li><span style=\"color: #000000;\"><b>Digital Packages:<\/b><span style=\"font-weight: 400;\"> Focus on digital files and may include some prints. <\/span><\/span><b style=\"font-style: inherit;\"><\/b><\/li>\n<li><span style=\"color: #000000;\"><b style=\"font-style: inherit;\">Traditional Packages:<\/b><span style=\"font-weight: 400;\"> Focus primarily on physical prints.<\/span><\/span><\/li>\n<\/ul>\n<\/li>\n<\/ul>\n<\/li>\n<\/ul>\n<div><span style=\"color: #000000;\">\u00a0<\/span><\/div>\n<h4 data-start=\"2553\" data-end=\"2584\"><span style=\"color: #000000;\">Preparing for Your Session<\/span><\/h4>\n<ul>\n<li data-start=\"2553\" data-end=\"2584\"><span style=\"color: #000000;\"><b>What should I wear to my session?<\/b><\/span>\n<ul>\n<li style=\"list-style-type: none;\">\n<ul>\n<li><span style=\"color: #000000;\">We recommend outfits that make you feel confident and comfortable. Solid colors and simple patterns usually photograph best.\u00a0<\/span><\/li>\n<\/ul>\n<\/li>\n<\/ul>\n<\/li>\n<li><span style=\"font-weight: 400; color: #000000;\"><b>Can I bring props or personal items?<\/b><\/span>\n<ul>\n<li><span style=\"font-weight: 400; color: #000000;\">Yes! Props that reflect your personality or tell a story are welcome. Just check with us in advance if you have larger items.<br \/><\/span><\/li>\n<\/ul>\n<\/li>\n<li><span style=\"color: #000000;\"><b>Can I bring in pets?<\/b><\/span>\n<ul>\n<li><span style=\"color: #000000;\">We do pet photography, so all pets are welcome. We just ask for you to enter by the nearest entrance.<\/span><\/li>\n<\/ul>\n<\/li>\n<\/ul>\n<p><!-- \/wp:paragraph --><\/p>\t\t\t\t\t\t\t\t<\/div>\n\t\t\t\t<\/div>\n\t\t\t\t\t<\/div>\n\t\t<\/div>\n\t\t\t\t\t<\/div>\n\t\t<\/section>\n\t\t\t\t<\/div>","protected":false},"excerpt":{"rendered":"<p>About Portrait Photography What is portrait photography? Portrait photography is the art of capturing the moments of a person or group of people. It can range from casual snapshots to formal, posed portraits that highlight your personality. What sets your portrait photography studio apart from other portrait photographers? Our studio is staffed by experienced and [&hellip;]<\/p>","protected":false},"author":1,"featured_media":0,"parent":0,"menu_order":0,"comment_status":"closed","ping_status":"closed","template":"","meta":{"site-sidebar-layout":"default","site-content-layout":"","ast-site-content-layout":"default","site-content-style":"default","site-sidebar-style":"default","ast-global-header-display":"","ast-banner-title-visibility":"","ast-main-header-display":"","ast-hfb-above-header-display":"","ast-hfb-below-header-display":"","ast-hfb-mobile-header-display":"","site-post-title":"","ast-breadcrumbs-content":"","ast-featured-img":"","footer-sml-layout":"","theme-transparent-header-meta":"","adv-header-id-meta":"","stick-header-meta":"","header-above-stick-meta":"","header-main-stick-meta":"","header-below-stick-meta":"","astra-migrate-meta-layouts":"default","ast-page-background-enabled":"default","ast-page-background-meta":{"desktop":{"background-color":"var(--ast-global-color-4)","background-image":"","background-repeat":"repeat","background-position":"center center","background-size":"auto","background-attachment":"scroll","background-type":"","background-media":"","overlay-type":"","overlay-color":"","overlay-opacity":"","overlay-gradient":""},"tablet":{"background-color":"","background-image":"","background-repeat":"repeat","background-position":"center center","background-size":"auto","background-attachment":"scroll","background-type":"","background-media":"","overlay-type":"","overlay-color":"","overlay-opacity":"","overlay-gradient":""},"mobile":{"background-color":"","background-image":"","background-repeat":"repeat","background-position":"center center","background-size":"auto","background-attachment":"scroll","background-type":"","background-media":"","overlay-type":"","overlay-color":"","overlay-opacity":"","overlay-gradient":""}},"ast-content-background-meta":{"desktop":{"background-color":"var(--ast-global-color-5)","background-image":"","background-repeat":"repeat","background-position":"center center","background-size":"auto","background-attachment":"scroll","background-type":"","background-media":"","overlay-type":"","overlay-color":"","overlay-opacity":"","overlay-gradient":""},"tablet":{"background-color":"var(--ast-global-color-5)","background-image":"","background-repeat":"repeat","background-position":"center center","background-size":"auto","background-attachment":"scroll","background-type":"","background-media":"","overlay-type":"","overlay-color":"","overlay-opacity":"","overlay-gradient":""},"mobile":{"background-color":"var(--ast-global-color-5)","background-image":"","background-repeat":"repeat","background-position":"center center","background-size":"auto","background-attachment":"scroll","background-type":"","background-media":"","overlay-type":"","overlay-color":"","overlay-opacity":"","overlay-gradient":""}},"footnotes":""},"class_list":["post-5396","page","type-page","status-publish","hentry"],"jetpack_sharing_enabled":true,"_links":{"self":[{"href":"https:\/\/photo-makers.com\/es\/wp-json\/wp\/v2\/pages\/5396","targetHints":{"allow":["GET"]}}],"collection":[{"href":"https:\/\/photo-makers.com\/es\/wp-json\/wp\/v2\/pages"}],"about":[{"href":"https:\/\/photo-makers.com\/es\/wp-json\/wp\/v2\/types\/page"}],"author":[{"embeddable":true,"href":"https:\/\/photo-makers.com\/es\/wp-json\/wp\/v2\/users\/1"}],"replies":[{"embeddable":true,"href":"https:\/\/photo-makers.com\/es\/wp-json\/wp\/v2\/comments?post=5396"}],"version-history":[{"count":20,"href":"https:\/\/photo-makers.com\/es\/wp-json\/wp\/v2\/pages\/5396\/revisions"}],"predecessor-version":[{"id":7001,"href":"https:\/\/photo-makers.com\/es\/wp-json\/wp\/v2\/pages\/5396\/revisions\/7001"}],"wp:attachment":[{"href":"https:\/\/photo-makers.com\/es\/wp-json\/wp\/v2\/media?parent=5396"}],"curies":[{"name":"wp","href":"https:\/\/api.w.org\/{rel}","templated":true}]}}