{"id":5219,"date":"2023-04-12T15:08:52","date_gmt":"2023-04-12T22:08:52","guid":{"rendered":"http:\/\/photo-makers.com\/?page_id=5219"},"modified":"2026-01-01T12:16:38","modified_gmt":"2026-01-01T20:16:38","slug":"about-us-2","status":"publish","type":"page","link":"https:\/\/photo-makers.com\/es\/about-us-2\/","title":{"rendered":"Sobre Nosotros"},"content":{"rendered":"<div data-elementor-type=\"wp-page\" data-elementor-id=\"5219\" class=\"elementor elementor-5219\" data-elementor-post-type=\"page\">\n\t\t\t\t\t\t<section class=\"elementor-section elementor-top-section elementor-element elementor-element-67a77f53 elementor-section-boxed elementor-section-height-default elementor-section-height-default\" data-id=\"67a77f53\" data-element_type=\"section\">\n\t\t\t\t\t\t<div class=\"elementor-container elementor-column-gap-default\">\n\t\t\t\t\t<div class=\"elementor-column elementor-col-100 elementor-top-column elementor-element elementor-element-6c646d50\" data-id=\"6c646d50\" data-element_type=\"column\">\n\t\t\t<div class=\"elementor-widget-wrap elementor-element-populated\">\n\t\t\t\t\t\t<div class=\"elementor-element elementor-element-54e55281 elementor-widget elementor-widget-text-editor\" data-id=\"54e55281\" data-element_type=\"widget\" data-widget_type=\"text-editor.default\">\n\t\t\t\t<div class=\"elementor-widget-container\">\n\t\t\t\t\t\t\t\t\t\n<figure class=\"wp-block-image size-large\"><img fetchpriority=\"high\" decoding=\"async\" width=\"1024\" height=\"512\" src=\"http:\/\/photo-makers.com\/wp-content\/uploads\/2023\/05\/Logo-Mural-copy-1024x512.jpg\" alt=\"\" class=\"wp-image-5448\" srcset=\"https:\/\/photo-makers.com\/wp-content\/uploads\/2023\/05\/Logo-Mural-copy-1024x512.jpg 1024w, https:\/\/photo-makers.com\/wp-content\/uploads\/2023\/05\/Logo-Mural-copy-300x150.jpg 300w, https:\/\/photo-makers.com\/wp-content\/uploads\/2023\/05\/Logo-Mural-copy-768x384.jpg 768w, https:\/\/photo-makers.com\/wp-content\/uploads\/2023\/05\/Logo-Mural-copy-1536x768.jpg 1536w, https:\/\/photo-makers.com\/wp-content\/uploads\/2023\/05\/Logo-Mural-copy-scaled.jpg 2048w, https:\/\/photo-makers.com\/wp-content\/uploads\/2023\/05\/Logo-Mural-copy-18x9.jpg 18w\" sizes=\"(max-width: 1024px) 100vw, 1024px\" \/><\/figure>\n\n\n\n<p>Bienvenidos a Photo Makers, donde hemos estado capturando recuerdos durante m\u00e1s de 30 a\u00f1os. Nuestra dedicaci\u00f3n a la fotograf\u00eda de calidad est\u00e1 en el coraz\u00f3n de todo lo que hacemos, y es un placer compartir esta pasi\u00f3n con ustedes. Fundada en 1996, comenzamos como una modesta tienda de revelado de fotos en una hora, pero nuestro amor por la fotograf\u00eda y nuestro compromiso con la excelencia nos llev\u00f3 a evolucionar hacia un estudio de fotograf\u00eda profesional. A lo largo de los a\u00f1os, hemos perfeccionado nuestro arte, invirtiendo en la \u00faltima tecnolog\u00eda y equipamiento para asegurarnos de brindar siempre a nuestros clientes im\u00e1genes de la m\u00e1s alta calidad.<\/p>\n\n\n\n<p>Nos enorgullece ser un estudio de fotograf\u00eda de servicio completo, ofreciendo una variedad de servicios para satisfacer sus necesidades. Ya sea que busquen fotograf\u00eda de bodas, retratos familiares o fotograf\u00edas corporativas, tenemos la experiencia y el conocimiento para crear im\u00e1genes que atesorar\u00e1n de por vida. Nuestro equipo de fot\u00f3grafos talentosos se dedica a asegurarse de que cada imagen que creamos refleje la personalidad \u00fanica y el estilo de nuestros clientes. En nuestro estudio, creemos que la fotograf\u00eda no se trata solo de tomar im\u00e1genes, sino de capturar momentos y contar historias.<\/p>\n\n\n\n<p>Entendemos que elegir un fot\u00f3grafo es una decisi\u00f3n importante, y nos esforzamos por hacer que el proceso sea lo m\u00e1s f\u00e1cil y agradable posible. Desde la consulta inicial hasta la entrega final de sus im\u00e1genes, nos comprometemos a brindarles una experiencia excepcional. La Familia Flores se hizo cargo del estudio Carson desde 2012, y desde entonces, hemos llevado la fotograf\u00eda instant\u00e1nea a un nivel completamente nuevo de profesionalismo. Con nuevos accesorios, c\u00e1maras digitales, retoque, sistemas de prueba y equipos de iluminaci\u00f3n, Photo Makers se ha convertido en un estudio profesional para fotograf\u00eda de beb\u00e9s, familias, retratos de negocios, modelos, embarazo y reci\u00e9n nacidos. Gracias por considerar nuestro estudio para sus necesidades fotogr\u00e1ficas. Esperamos tener la oportunidad de capturar sus recuerdos y crear im\u00e1genes que atesorar\u00e1n en los a\u00f1os venideros.<\/p>\n\n\n\t\t\t\t\t\t\t\t<\/div>\n\t\t\t\t<\/div>\n\t\t\t\t\t<\/div>\n\t\t<\/div>\n\t\t\t\t\t<\/div>\n\t\t<\/section>\n\t\t\t\t<section class=\"elementor-section elementor-top-section elementor-element elementor-element-1930672 elementor-section-boxed elementor-section-height-default elementor-section-height-default\" data-id=\"1930672\" data-element_type=\"section\">\n\t\t\t\t\t\t<div class=\"elementor-container elementor-column-gap-default\">\n\t\t\t\t\t<div class=\"elementor-column elementor-col-100 elementor-top-column elementor-element elementor-element-aac53c0\" data-id=\"aac53c0\" data-element_type=\"column\">\n\t\t\t<div class=\"elementor-widget-wrap elementor-element-populated\">\n\t\t\t\t\t\t<div class=\"elementor-element elementor-element-e8aa253 elementor-widget elementor-widget-heading\" data-id=\"e8aa253\" data-element_type=\"widget\" data-widget_type=\"heading.default\">\n\t\t\t\t<div class=\"elementor-widget-container\">\n\t\t\t\t\t<h1 class=\"elementor-heading-title elementor-size-default\">Our Team<\/h1>\t\t\t\t<\/div>\n\t\t\t\t<\/div>\n\t\t\t\t\t<\/div>\n\t\t<\/div>\n\t\t\t\t\t<\/div>\n\t\t<\/section>\n\t\t\t\t<section class=\"elementor-section elementor-top-section elementor-element elementor-element-01dc3ff elementor-section-boxed elementor-section-height-default elementor-section-height-default\" data-id=\"01dc3ff\" data-element_type=\"section\">\n\t\t\t\t\t\t<div class=\"elementor-container elementor-column-gap-default\">\n\t\t\t\t\t<div class=\"elementor-column elementor-col-33 elementor-top-column elementor-element elementor-element-c21486f\" data-id=\"c21486f\" data-element_type=\"column\">\n\t\t\t<div class=\"elementor-widget-wrap elementor-element-populated\">\n\t\t\t\t\t\t<div class=\"elementor-element elementor-element-a7bd17b elementor-widget elementor-widget-image\" data-id=\"a7bd17b\" data-element_type=\"widget\" data-widget_type=\"image.default\">\n\t\t\t\t<div class=\"elementor-widget-container\">\n\t\t\t\t\t\t\t\t\t\t\t\t<figure class=\"wp-caption\">\n\t\t\t\t\t\t\t\t\t\t<img decoding=\"async\" width=\"683\" height=\"1024\" src=\"https:\/\/photo-makers.com\/wp-content\/uploads\/2025\/09\/Eddie-copy-683x1024.jpg\" class=\"attachment-large size-large wp-image-6656\" alt=\"\" srcset=\"https:\/\/photo-makers.com\/wp-content\/uploads\/2025\/09\/Eddie-copy-683x1024.jpg.webp 683w, https:\/\/photo-makers.com\/wp-content\/uploads\/2025\/09\/Eddie-copy-200x300.jpg.webp 200w, https:\/\/photo-makers.com\/wp-content\/uploads\/2025\/09\/Eddie-copy-768x1152.jpg 768w, https:\/\/photo-makers.com\/wp-content\/uploads\/2025\/09\/Eddie-copy-1024x1536.jpg 1024w, https:\/\/photo-makers.com\/wp-content\/uploads\/2025\/09\/Eddie-copy-1365x2048.jpg 1365w, https:\/\/photo-makers.com\/wp-content\/uploads\/2025\/09\/Eddie-copy-8x12.jpg 8w, https:\/\/photo-makers.com\/wp-content\/uploads\/2025\/09\/Eddie-copy-510x765.jpg 510w, https:\/\/photo-makers.com\/wp-content\/uploads\/2025\/09\/Eddie-copy-scaled.jpg.webp 1707w\" sizes=\"(max-width: 683px) 100vw, 683px\" \/>\t\t\t\t\t\t\t\t\t\t\t<figcaption class=\"widget-image-caption wp-caption-text\">Edward Flores CEO<\/figcaption>\n\t\t\t\t\t\t\t\t\t\t<\/figure>\n\t\t\t\t\t\t\t\t\t<\/div>\n\t\t\t\t<\/div>\n\t\t\t\t\t<\/div>\n\t\t<\/div>\n\t\t\t\t<div class=\"elementor-column elementor-col-33 elementor-top-column elementor-element elementor-element-fb7476e\" data-id=\"fb7476e\" data-element_type=\"column\">\n\t\t\t<div class=\"elementor-widget-wrap elementor-element-populated\">\n\t\t\t\t\t\t<div class=\"elementor-element elementor-element-ed0897c elementor-widget elementor-widget-image\" data-id=\"ed0897c\" data-element_type=\"widget\" data-widget_type=\"image.default\">\n\t\t\t\t<div class=\"elementor-widget-container\">\n\t\t\t\t\t\t\t\t\t\t\t\t<figure class=\"wp-caption\">\n\t\t\t\t\t\t\t\t\t\t<img decoding=\"async\" width=\"683\" height=\"1024\" src=\"https:\/\/photo-makers.com\/wp-content\/uploads\/2026\/01\/IMG_5340-683x1024.jpg\" class=\"attachment-large size-large wp-image-6966\" alt=\"\" srcset=\"https:\/\/photo-makers.com\/wp-content\/uploads\/2026\/01\/IMG_5340-683x1024.jpg.webp 683w, https:\/\/photo-makers.com\/wp-content\/uploads\/2026\/01\/IMG_5340-200x300.jpg.webp 200w, https:\/\/photo-makers.com\/wp-content\/uploads\/2026\/01\/IMG_5340-768x1152.jpg.webp 768w, https:\/\/photo-makers.com\/wp-content\/uploads\/2026\/01\/IMG_5340-1024x1536.jpg.webp 1024w, https:\/\/photo-makers.com\/wp-content\/uploads\/2026\/01\/IMG_5340-1365x2048.jpg.webp 1365w, https:\/\/photo-makers.com\/wp-content\/uploads\/2026\/01\/IMG_5340-8x12.jpg.webp 8w, https:\/\/photo-makers.com\/wp-content\/uploads\/2026\/01\/IMG_5340-510x765.jpg.webp 510w, https:\/\/photo-makers.com\/wp-content\/uploads\/2026\/01\/IMG_5340-scaled.jpg.webp 1707w\" sizes=\"(max-width: 683px) 100vw, 683px\" \/>\t\t\t\t\t\t\t\t\t\t\t<figcaption class=\"widget-image-caption wp-caption-text\">Eduardo Flores Managing Director<\/figcaption>\n\t\t\t\t\t\t\t\t\t\t<\/figure>\n\t\t\t\t\t\t\t\t\t<\/div>\n\t\t\t\t<\/div>\n\t\t\t\t\t<\/div>\n\t\t<\/div>\n\t\t\t\t<div class=\"elementor-column elementor-col-33 elementor-top-column elementor-element elementor-element-93b1f73\" data-id=\"93b1f73\" data-element_type=\"column\">\n\t\t\t<div class=\"elementor-widget-wrap elementor-element-populated\">\n\t\t\t\t\t\t<div class=\"elementor-element elementor-element-93b0473 elementor-widget elementor-widget-image\" data-id=\"93b0473\" data-element_type=\"widget\" data-widget_type=\"image.default\">\n\t\t\t\t<div class=\"elementor-widget-container\">\n\t\t\t\t\t\t\t\t\t\t\t\t<figure class=\"wp-caption\">\n\t\t\t\t\t\t\t\t\t\t<img loading=\"lazy\" decoding=\"async\" width=\"683\" height=\"1024\" src=\"https:\/\/photo-makers.com\/wp-content\/uploads\/2025\/11\/IMG_0311-1-683x1024.jpg\" class=\"attachment-large size-large wp-image-6829\" alt=\"\" srcset=\"https:\/\/photo-makers.com\/wp-content\/uploads\/2025\/11\/IMG_0311-1-683x1024.jpg 683w, https:\/\/photo-makers.com\/wp-content\/uploads\/2025\/11\/IMG_0311-1-200x300.jpg.webp 200w, https:\/\/photo-makers.com\/wp-content\/uploads\/2025\/11\/IMG_0311-1-768x1152.jpg 768w, https:\/\/photo-makers.com\/wp-content\/uploads\/2025\/11\/IMG_0311-1-1024x1536.jpg 1024w, https:\/\/photo-makers.com\/wp-content\/uploads\/2025\/11\/IMG_0311-1-1365x2048.jpg 1365w, https:\/\/photo-makers.com\/wp-content\/uploads\/2025\/11\/IMG_0311-1-8x12.jpg 8w, https:\/\/photo-makers.com\/wp-content\/uploads\/2025\/11\/IMG_0311-1-510x765.jpg 510w, https:\/\/photo-makers.com\/wp-content\/uploads\/2025\/11\/IMG_0311-1-scaled.jpg.webp 1707w\" sizes=\"(max-width: 683px) 100vw, 683px\" \/>\t\t\t\t\t\t\t\t\t\t\t<figcaption class=\"widget-image-caption wp-caption-text\">Lupe Flores - General Manager<\/figcaption>\n\t\t\t\t\t\t\t\t\t\t<\/figure>\n\t\t\t\t\t\t\t\t\t<\/div>\n\t\t\t\t<\/div>\n\t\t\t\t\t<\/div>\n\t\t<\/div>\n\t\t\t\t\t<\/div>\n\t\t<\/section>\n\t\t\t\t<section class=\"elementor-section elementor-top-section elementor-element elementor-element-a2b929a elementor-section-boxed elementor-section-height-default elementor-section-height-default\" data-id=\"a2b929a\" data-element_type=\"section\">\n\t\t\t\t\t\t<div class=\"elementor-container elementor-column-gap-default\">\n\t\t\t\t\t<div class=\"elementor-column elementor-col-33 elementor-top-column elementor-element elementor-element-0d65d2b\" data-id=\"0d65d2b\" data-element_type=\"column\">\n\t\t\t<div class=\"elementor-widget-wrap elementor-element-populated\">\n\t\t\t\t\t\t<div class=\"elementor-element elementor-element-58cd959 elementor-widget elementor-widget-image\" data-id=\"58cd959\" data-element_type=\"widget\" data-widget_type=\"image.default\">\n\t\t\t\t<div class=\"elementor-widget-container\">\n\t\t\t\t\t\t\t\t\t\t\t\t<figure class=\"wp-caption\">\n\t\t\t\t\t\t\t\t\t\t<img loading=\"lazy\" decoding=\"async\" width=\"683\" height=\"1024\" src=\"https:\/\/photo-makers.com\/wp-content\/uploads\/2025\/09\/Lorena-copy-683x1024.jpg\" class=\"attachment-large size-large wp-image-6658\" alt=\"\" srcset=\"https:\/\/photo-makers.com\/wp-content\/uploads\/2025\/09\/Lorena-copy-683x1024.jpg.webp 683w, https:\/\/photo-makers.com\/wp-content\/uploads\/2025\/09\/Lorena-copy-200x300.jpg.webp 200w, https:\/\/photo-makers.com\/wp-content\/uploads\/2025\/09\/Lorena-copy-768x1152.jpg.webp 768w, https:\/\/photo-makers.com\/wp-content\/uploads\/2025\/09\/Lorena-copy-1024x1536.jpg.webp 1024w, https:\/\/photo-makers.com\/wp-content\/uploads\/2025\/09\/Lorena-copy-1365x2048.jpg.webp 1365w, https:\/\/photo-makers.com\/wp-content\/uploads\/2025\/09\/Lorena-copy-8x12.jpg.webp 8w, https:\/\/photo-makers.com\/wp-content\/uploads\/2025\/09\/Lorena-copy-510x765.jpg.webp 510w, https:\/\/photo-makers.com\/wp-content\/uploads\/2025\/09\/Lorena-copy-scaled.jpg.webp 1707w\" sizes=\"(max-width: 683px) 100vw, 683px\" \/>\t\t\t\t\t\t\t\t\t\t\t<figcaption class=\"widget-image-caption wp-caption-text\">Lorena Flores Designer<\/figcaption>\n\t\t\t\t\t\t\t\t\t\t<\/figure>\n\t\t\t\t\t\t\t\t\t<\/div>\n\t\t\t\t<\/div>\n\t\t\t\t\t<\/div>\n\t\t<\/div>\n\t\t\t\t<div class=\"elementor-column elementor-col-33 elementor-top-column elementor-element elementor-element-91b1218\" data-id=\"91b1218\" data-element_type=\"column\">\n\t\t\t<div class=\"elementor-widget-wrap elementor-element-populated\">\n\t\t\t\t\t\t\t<\/div>\n\t\t<\/div>\n\t\t\t\t<div class=\"elementor-column elementor-col-33 elementor-top-column elementor-element elementor-element-1a9503c\" data-id=\"1a9503c\" data-element_type=\"column\">\n\t\t\t<div class=\"elementor-widget-wrap\">\n\t\t\t\t\t\t\t<\/div>\n\t\t<\/div>\n\t\t\t\t\t<\/div>\n\t\t<\/section>\n\t\t\t\t<\/div>","protected":false},"excerpt":{"rendered":"<p>Welcome to Photo Makers, where we have been capturing memories for over 30 years. Our dedication to quality photography is at the heart of everything we do, and it is our pleasure to share this passion with you. Founded in 1996, we started as a humble 1-hour photo shop, but our love for photography and [&hellip;]<\/p>","protected":false},"author":1,"featured_media":0,"parent":0,"menu_order":0,"comment_status":"closed","ping_status":"closed","template":"","meta":{"site-sidebar-layout":"default","site-content-layout":"","ast-site-content-layout":"default","site-content-style":"default","site-sidebar-style":"default","ast-global-header-display":"","ast-banner-title-visibility":"","ast-main-header-display":"","ast-hfb-above-header-display":"","ast-hfb-below-header-display":"","ast-hfb-mobile-header-display":"","site-post-title":"","ast-breadcrumbs-content":"","ast-featured-img":"","footer-sml-layout":"","theme-transparent-header-meta":"","adv-header-id-meta":"","stick-header-meta":"","header-above-stick-meta":"","header-main-stick-meta":"","header-below-stick-meta":"","astra-migrate-meta-layouts":"default","ast-page-background-enabled":"default","ast-page-background-meta":{"desktop":{"background-color":"var(--ast-global-color-4)","background-image":"","background-repeat":"repeat","background-position":"center center","background-size":"auto","background-attachment":"scroll","background-type":"","background-media":"","overlay-type":"","overlay-color":"","overlay-opacity":"","overlay-gradient":""},"tablet":{"background-color":"","background-image":"","background-repeat":"repeat","background-position":"center center","background-size":"auto","background-attachment":"scroll","background-type":"","background-media":"","overlay-type":"","overlay-color":"","overlay-opacity":"","overlay-gradient":""},"mobile":{"background-color":"","background-image":"","background-repeat":"repeat","background-position":"center center","background-size":"auto","background-attachment":"scroll","background-type":"","background-media":"","overlay-type":"","overlay-color":"","overlay-opacity":"","overlay-gradient":""}},"ast-content-background-meta":{"desktop":{"background-color":"var(--ast-global-color-5)","background-image":"","background-repeat":"repeat","background-position":"center center","background-size":"auto","background-attachment":"scroll","background-type":"","background-media":"","overlay-type":"","overlay-color":"","overlay-opacity":"","overlay-gradient":""},"tablet":{"background-color":"var(--ast-global-color-5)","background-image":"","background-repeat":"repeat","background-position":"center center","background-size":"auto","background-attachment":"scroll","background-type":"","background-media":"","overlay-type":"","overlay-color":"","overlay-opacity":"","overlay-gradient":""},"mobile":{"background-color":"var(--ast-global-color-5)","background-image":"","background-repeat":"repeat","background-position":"center center","background-size":"auto","background-attachment":"scroll","background-type":"","background-media":"","overlay-type":"","overlay-color":"","overlay-opacity":"","overlay-gradient":""}},"footnotes":""},"class_list":["post-5219","page","type-page","status-publish","hentry"],"jetpack_sharing_enabled":true,"_links":{"self":[{"href":"https:\/\/photo-makers.com\/es\/wp-json\/wp\/v2\/pages\/5219","targetHints":{"allow":["GET"]}}],"collection":[{"href":"https:\/\/photo-makers.com\/es\/wp-json\/wp\/v2\/pages"}],"about":[{"href":"https:\/\/photo-makers.com\/es\/wp-json\/wp\/v2\/types\/page"}],"author":[{"embeddable":true,"href":"https:\/\/photo-makers.com\/es\/wp-json\/wp\/v2\/users\/1"}],"replies":[{"embeddable":true,"href":"https:\/\/photo-makers.com\/es\/wp-json\/wp\/v2\/comments?post=5219"}],"version-history":[{"count":15,"href":"https:\/\/photo-makers.com\/es\/wp-json\/wp\/v2\/pages\/5219\/revisions"}],"predecessor-version":[{"id":6969,"href":"https:\/\/photo-makers.com\/es\/wp-json\/wp\/v2\/pages\/5219\/revisions\/6969"}],"wp:attachment":[{"href":"https:\/\/photo-makers.com\/es\/wp-json\/wp\/v2\/media?parent=5219"}],"curies":[{"name":"wp","href":"https:\/\/api.w.org\/{rel}","templated":true}]}}