{"id":1165,"date":"2019-10-17T15:03:27","date_gmt":"2019-10-17T22:03:27","guid":{"rendered":"http:\/\/photo-makers.com\/?page_id=1165"},"modified":"2019-10-17T15:03:29","modified_gmt":"2019-10-17T22:03:29","slug":"privacy-policy","status":"publish","type":"page","link":"https:\/\/photo-makers.com\/es\/privacy-policy\/","title":{"rendered":"Privacy Policy"},"content":{"rendered":"<p>No rastreamos ning\u00fan dato de usuario a trav\u00e9s de nuestros complementos. Pero si nuestro complemento depende de un servicio de terceros, pueden rastrear los datos del usuario. Esto puede suceder de las siguientes dos maneras:<\/p>\n\n\n\n<p><strong>1. Widgets incrustados<\/strong><\/p>\n\n\n\n<p>Algunos de nuestros complementos tienen caracter\u00edsticas para integrar widgets integrados tal cual, de servicios de terceros (como Facebook, Facebook Recomendar, Twitter Twitter botones oficiales). Puede incluir texto relevante en la pol\u00edtica de privacidad de su sitio web como se menciona a continuaci\u00f3n.<\/p>\n\n\n\n<p><strong>2. API \/ conexiones de terceros<\/strong><\/p>\n\n\n\n<p>Nuestros complementos env\u00edan solicitudes a API de terceros a trav\u00e9s del navegador web del visitante del sitio web para obtener informaci\u00f3n (como recursos compartidos sociales, recuento de comentarios sociales). Esta solicitud realizada por el navegador web puede incluir una direcci\u00f3n IP, que luego puede ver el tercero al que se la solicita. Esta solicitud de API no incluye ning\u00fan dato personal del usuario del sitio web que no sea la direcci\u00f3n IP. Para que sus usuarios se den cuenta de esto, puede incluir fragmentos relevantes en la pol\u00edtica de privacidad de su sitio web.<\/p>\n\n\n\n<p><strong>\u00bfD\u00f3nde se almacenan los datos recopilados por sus complementos?<\/strong><\/p>\n\n\n\n<p>No almacenamos ning\u00fan dato obtenido por nuestros complementos en nuestros servidores, ni compartimos esos datos con ning\u00fan tercero. Nuestros complementos se ejecutan absolutamente en su sitio web y almacenan los datos en la base de datos de su sitio web.<\/p>\n\n\n\n<p><strong>\u00bfSus complementos cargan scripts externos?<\/strong><\/p>\n\n\n\n<p>Como se mencion\u00f3 anteriormente, nuestros complementos se ejecutan absolutamente desde su sitio web y, por lo tanto, cargan los scripts tambi\u00e9n desde su sitio web con la excepci\u00f3n de los widgets incrustados de terceros (como el bot\u00f3n oficial de Facebook Me gusta \/ Recomendar, el bot\u00f3n oficial de Twitter tweet, Comentarios de Facebook) que requieren nuestro complemento cargar scripts de los servidores del servicio relevante. Puede incluir fragmentos relevantes en la Pol\u00edtica de privacidad de su sitio web que indique c\u00f3mo estos servicios manejan la privacidad de sus usuarios.<\/p>\n\n\n\n<p><strong>Fragmentos de pol\u00edtica de privacidad de GDPR<\/strong><\/p>\n\n\n\n<p>A continuaci\u00f3n hay una colecci\u00f3n de fragmentos que puede incluir en la pol\u00edtica de privacidad de su sitio web, seg\u00fan el complemento y las caracter\u00edsticas que est\u00e9 utilizando.<\/p>\n\n\n\n<p><strong>Super socializador<\/strong><\/p>\n\n\n\n<p>Si ha habilitado la opci\u00f3n &quot;Mostrar notificaci\u00f3n emergente a los usuarios si sus navegadores bloquean las funciones del complemento&quot; en&nbsp;<strong>Super Socializer&gt; Opciones generales&nbsp;<\/strong>p\u00e1gina en admin puede agregar lo siguiente en la pol\u00edtica de privacidad de su sitio web:<\/p>\n\n\n\n<p><em>Nuestro sitio web guarda la cookie&nbsp;<\/em><strong><em>heateorSsBrowserMsg<\/em><\/strong><em>&nbsp;en su navegador para rastrear qu\u00e9 visitantes han visto la notificaci\u00f3n emergente y cu\u00e1les no. Esta cookie no est\u00e1 relacionada con sus datos personales o su direcci\u00f3n IP.<\/em><\/p>\n\n\n\n<p><strong>Inicio de sesi\u00f3n social<\/strong><\/p>\n\n\n\n<p>Si est\u00e1 utilizando la funci\u00f3n de inicio de sesi\u00f3n social de nuestro complemento Super Socializer, puede agregar lo siguiente en la pol\u00edtica de privacidad de su sitio web:<\/p>\n\n\n\n<p><em>Recopilamos sus datos de perfil p\u00fablico solo de su consentimiento que usted otorga antes de iniciar el Inicio de sesi\u00f3n social, de la red social utilizada para iniciar sesi\u00f3n en nuestro sitio web. Estos datos incluyen su nombre, apellido, direcci\u00f3n de correo electr\u00f3nico, enlace a su perfil de redes sociales, identificador \u00fanico, enlace al avatar del perfil social. Estos datos se utilizan para crear su perfil de usuario en nuestro sitio web. Puede revocar este consentimiento en cualquier momento envi\u00e1ndonos un correo electr\u00f3nico.<\/em><\/p>\n\n\n\n<p><strong>Comentarios de Facebook<\/strong><\/p>\n\n\n\n<p>Si est\u00e1 utilizando la funci\u00f3n Comentarios de Facebook de cualquiera de nuestros complementos, puede agregar lo siguiente en la pol\u00edtica de privacidad de su sitio web:<\/p>\n\n\n\n<p><em>Incorporamos el complemento de comentarios de Facebook para permitirle dejar comentarios en nuestro sitio web utilizando su cuenta de Facebook. Este complemento puede recopilar su direcci\u00f3n IP, el Agente de usuario de su navegador web, almacenar y recuperar cookies en su navegador, incorporar seguimiento adicional y monitorear su interacci\u00f3n con la interfaz de comentarios, incluida la correlaci\u00f3n de su cuenta de Facebook con cualquier acci\u00f3n que realice dentro de la interfaz (como como &quot;gustar&quot; el comentario de alguien, respondiendo a otros comentarios), si ha iniciado sesi\u00f3n en Facebook. Para obtener m\u00e1s informaci\u00f3n sobre c\u00f3mo se pueden usar estos datos, consulte la pol\u00edtica de privacidad de datos de Facebook: https:\/\/www.facebook.com\/about\/privacy\/update<\/em><\/p>\n\n\n\n<p><strong>Comentarios de GooglePlus<\/strong><\/p>\n\n\n\n<p>Si est\u00e1 utilizando la funci\u00f3n de Comentarios de GooglePlus de cualquiera de nuestros complementos, puede agregar lo siguiente en la pol\u00edtica de privacidad de su sitio web:<\/p>\n\n\n\n<p><em>Utilizamos el widget de Comentarios de GooglePlus en nuestro sitio web para que pueda comentar en nuestras p\u00e1ginas web utilizando su cuenta de GooglePlus. A partir de esta interacci\u00f3n, Google recopila y almacena autom\u00e1ticamente cierta informaci\u00f3n en los registros del servidor, como la direcci\u00f3n IP, informaci\u00f3n de eventos del dispositivo, como fallas, actividad del sistema, configuraci\u00f3n del hardware, tipo de navegador, idioma del navegador, la fecha y hora de su solicitud, de acuerdo con la privacidad de sus datos. pol\u00edtica: https:\/\/policies.google.com\/privacy<\/em><\/p>\n\n\n\n<p><strong>Comentarios Disqus<\/strong><\/p>\n\n\n\n<p>Si est\u00e1 utilizando la funci\u00f3n Disqus Comments de cualquiera de nuestros complementos, puede agregar lo siguiente en la pol\u00edtica de privacidad de su sitio web:<\/p>\n\n\n\n<p><em>Utilizamos el widget Disqus Comments en nuestro sitio web para que pueda comentar en nuestras p\u00e1ginas web utilizando el sistema de comentarios Disqus. Disqus puede recopilar informaci\u00f3n sobre usted cuando se registra y utiliza el Servicio. Dicha informaci\u00f3n puede incluir &quot;Informaci\u00f3n de identificaci\u00f3n personal&quot;, que significa informaci\u00f3n que lo identifica a usted como individuo, dicha informaci\u00f3n puede incluir, entre otros, su nombre, direcci\u00f3n de correo electr\u00f3nico, n\u00famero de tel\u00e9fono, nombre de usuario o ID de cuenta, y &quot;No identificable personalmente Informaci\u00f3n &quot;, que significa informaci\u00f3n que no lo identifica como individuo. La informaci\u00f3n de identificaci\u00f3n no personal puede incluir, entre otros, informaci\u00f3n sobre su navegador, su direcci\u00f3n IP, ID de dispositivo, qu\u00e9 p\u00e1ginas visita en nuestros Sitios de socios, de qu\u00e9 sitio web proviene, en qu\u00e9 anuncios hizo clic, ya sea en nuestro Sitios web de socios, el Servicio u otros sitios web de terceros, y otra informaci\u00f3n sobre su actividad en l\u00ednea que no lo identifica como individuo, de acuerdo con su pol\u00edtica de privacidad de datos: https:\/\/help.disqus.com\/terms-and-policies \/ disqus-privacy-policy<\/em><\/p>\n\n\n\n<p><strong>Fancy Facebook Comments Pro<\/strong><\/p>\n\n\n\n<p>Si estas usando&nbsp;<a href=\"https:\/\/www.heateor.com\/fancy-facebook-comments-pro\">Fancy Facebook Comments Pro<\/a>&nbsp;plugin en su sitio web y ha guardado el ID de la aplicaci\u00f3n de Facebook y el secreto de la aplicaci\u00f3n de Facebook en el&nbsp;<strong>Moderaci\u00f3n&nbsp;<\/strong>secci\u00f3n, puede agregar lo siguiente en la pol\u00edtica de privacidad de su sitio web despu\u00e9s de habilitar la aceptaci\u00f3n de GDPR desde&nbsp;<strong>GDPR&nbsp;<\/strong>secci\u00f3n:<\/p>\n\n\n\n<p><em>Recopilamos los datos relacionados con el comentario de Facebook que publica, solo con su consentimiento que otorga antes de publicar el comentario de Facebook en nuestro sitio web. Estos datos incluyen el nombre de su cuenta de Facebook, el identificador \u00fanico de la cuenta de Facebook, el identificador \u00fanico asociado al comentario publicado en Facebook, el identificador \u00fanico de objeto de gr\u00e1fico abierto de la p\u00e1gina web en la que public\u00f3 el comentario, el identificador \u00fanico asociado al comentario principal si responde a un comentario existente comentario. Estos datos se utilizan para mostrar los comentarios recientes de Facebook realizados en todo nuestro sitio web. Puede revocar este consentimiento en cualquier momento desmarcando la opci\u00f3n que se muestra arriba del cuadro de comentarios<\/em><\/p>\n\n\n\n<p>Si ha habilitado la notificaci\u00f3n por correo electr\u00f3nico desde&nbsp;<strong>Notificaci\u00f3n&nbsp;<\/strong>secci\u00f3n, puede agregar lo siguiente en la pol\u00edtica de privacidad de su sitio web despu\u00e9s de habilitar la aceptaci\u00f3n de GDPR desde&nbsp;<strong>GDPR&nbsp;<\/strong>secci\u00f3n:<\/p>\n\n\n\n<p><em>Enviamos el comentario de Facebook que publica, al autor de la p\u00e1gina \/ publicaci\u00f3n y \/ o al administrador del sitio web por correo electr\u00f3nico automatizado, solo con su consentimiento antes de publicar el comentario de Facebook en nuestro sitio web. Estos datos incluyen solo el comentario de Facebook publicado por usted. Puede revocar este consentimiento en cualquier momento desmarcando la opci\u00f3n que se muestra arriba del cuadro de comentarios<\/em><\/p>\n\n\n\n<p><strong>Moderaci\u00f3n de comentarios de Facebook<\/strong><\/p>\n\n\n\n<p>Si estas usando&nbsp;<a href=\"https:\/\/www.heateor.com\/facebook-comments-moderation\">Moderaci\u00f3n de comentarios de Facebook<\/a>&nbsp;complemento en su sitio web y ha guardado el ID de la aplicaci\u00f3n de Facebook y el secreto de la aplicaci\u00f3n de Facebook, puede agregar lo siguiente en la pol\u00edtica de privacidad de su sitio web despu\u00e9s de habilitar la aceptaci\u00f3n de GDPR desde&nbsp;<strong>GDPR&nbsp;<\/strong>secci\u00f3n en la p\u00e1gina de opciones de complementos:<\/p>\n\n\n\n<p><em>Recopilamos los datos relacionados con el comentario de Facebook que publica, solo con su consentimiento que otorga antes de publicar el comentario de Facebook en nuestro sitio web. Estos datos incluyen el nombre de su cuenta de Facebook, el identificador \u00fanico de la cuenta de Facebook, el identificador \u00fanico asociado al comentario publicado en Facebook, el identificador \u00fanico de objeto de gr\u00e1fico abierto de la p\u00e1gina web en la que public\u00f3 el comentario, el identificador \u00fanico asociado al comentario principal si responde a un comentario existente comentario. Estos datos se utilizan para mostrar los comentarios recientes de Facebook realizados en todo nuestro sitio web. Puede revocar este consentimiento en cualquier momento desmarcando la opci\u00f3n que se muestra arriba del cuadro de comentarios<\/em><\/p>\n\n\n\n<p><strong>Notificador de comentarios de Facebook<\/strong><\/p>\n\n\n\n<p>Si est\u00e1s utilizando nuestro&nbsp;<a href=\"https:\/\/www.heateor.com\/facebook-comments-notifier\">Notificador de comentarios de Facebook<\/a>&nbsp;complemento en su sitio web, puede agregar lo siguiente en la pol\u00edtica de privacidad de su sitio web despu\u00e9s de habilitar la opci\u00f3n GDPR desde&nbsp;<strong>GDPR&nbsp;<\/strong>secci\u00f3n en la p\u00e1gina de opciones de complementos:<\/p>\n\n\n\n<p><em>Enviamos el comentario de Facebook que publica, al autor de la p\u00e1gina \/ publicaci\u00f3n y \/ o al administrador del sitio web por correo electr\u00f3nico automatizado, solo con su consentimiento antes de publicar el comentario de Facebook en nuestro sitio web. Estos datos incluyen solo el comentario de Facebook publicado por usted. Puede revocar este consentimiento en cualquier momento desmarcando la opci\u00f3n que se muestra arriba del cuadro de comentarios<\/em><\/p>\n\n\n\n<p><strong>An\u00e1lisis social para compartir&nbsp;<\/strong><\/p>\n\n\n\n<p>Si est\u00e1s utilizando nuestro&nbsp;<a href=\"https:\/\/www.heateor.com\/social-analytics-sharing\/\">An\u00e1lisis social para compartir<\/a>&nbsp;complemento en su sitio web, puede agregar lo siguiente en la pol\u00edtica de privacidad de su sitio web:<\/p>\n\n\n\n<p><em>Usamos Google Analytics para rastrear las acciones sociales realizadas en nuestro sitio web. Google recopila y almacena autom\u00e1ticamente cierta informaci\u00f3n en los registros de su servidor, que incluye informaci\u00f3n de eventos del dispositivo, como fallas, actividad del sistema, configuraci\u00f3n de hardware, tipo de navegador, idioma del navegador, la fecha y hora de su solicitud y URL de referencia, cookies que pueden identificar de manera \u00fanica su navegador o su cuenta de Google, de acuerdo con su pol\u00edtica de privacidad de datos: https:\/\/policies.google.com\/privacy<\/em><\/p>\n\n\n\n<p><strong>Me gusta de Facebook, Recomendar de Facebook, Compartir botones oficiales de Facebook<\/strong><\/p>\n\n\n\n<p>Si estas usando&nbsp;<strong>compartiendo socialmente<\/strong>&nbsp;caracter\u00edstica de nuestros complementos y ha habilitado cualquiera de estos botones oficiales, puede agregar lo siguiente en la pol\u00edtica de privacidad de su sitio web:<\/p>\n\n\n\n<p><em>Incorporamos un widget de Facebook para permitirle ver la cantidad de Me gusta \/ Compartir \/ Recomendar y &quot;Me gusta \/ Compartir \/ Recomendar&quot; nuestras p\u00e1ginas web. Este widget puede recopilar su direcci\u00f3n IP, el Agente de usuario de su navegador web, almacenar y recuperar cookies en su navegador, incrustar seguimiento adicional y monitorear su interacci\u00f3n con el widget, incluida la correlaci\u00f3n de su cuenta de Facebook con cualquier acci\u00f3n que realice dentro del widget (como &quot;Me gusta \/ compartir \/ recomendar&quot; nuestra p\u00e1gina web), si ha iniciado sesi\u00f3n en Facebook. Para obtener m\u00e1s informaci\u00f3n sobre c\u00f3mo se pueden usar estos datos, consulte la pol\u00edtica de privacidad de datos de Facebook: https:\/\/www.facebook.com\/about\/privacy\/update<\/em><\/p>\n\n\n\n<p><strong>Bot\u00f3n oficial de Twitter Tweet<\/strong><\/p>\n\n\n\n<p>Si estas usando&nbsp;<strong>compartiendo socialmente<\/strong>&nbsp;caracter\u00edstica de nuestros complementos y has habilitado&nbsp;<strong>Twitter Tweet<\/strong>&nbsp;bot\u00f3n oficial, puede agregar lo siguiente en la pol\u00edtica de privacidad de su sitio web:<\/p>\n\n\n\n<p><em>Usamos un widget de Twitter Tweet en nuestro sitio web. Como resultado, nuestro sitio web realiza solicitudes a los servidores de Twitter para que pueda twittear nuestras p\u00e1ginas web utilizando su cuenta de Twitter. Estas solicitudes hacen que su direcci\u00f3n IP sea visible para Twitter, quien puede usarla de acuerdo con su pol\u00edtica de privacidad de datos: https:\/\/twitter.com\/en\/privacy#update<\/em><\/p>\n\n\n\n<p><strong>GooglePlus, botones oficiales de GooglePlus Share<\/strong><\/p>\n\n\n\n<p>Si estas usando&nbsp;<strong>compartiendo socialmente<\/strong>&nbsp;caracter\u00edstica de nuestros complementos y ha habilitado cualquiera de estos botones oficiales, puede agregar lo siguiente en la pol\u00edtica de privacidad de su sitio web:<\/p>\n\n\n\n<p><em>Usamos un widget de GooglePlus en nuestro sitio web. Como resultado, nuestro sitio web realiza solicitudes a los servidores de Google para que pueda compartir nuestras p\u00e1ginas web utilizando su cuenta GooglePlus. Estas solicitudes hacen que su direcci\u00f3n IP sea visible para Google, quien puede usarla de acuerdo con su pol\u00edtica de privacidad de datos: https:\/\/policies.google.com\/privacy<\/em><\/p>\n\n\n\n<p><strong>Bot\u00f3n oficial Share de Linkedin<\/strong><\/p>\n\n\n\n<p>Si estas usando&nbsp;<strong>compartiendo socialmente<\/strong>&nbsp;caracter\u00edstica de nuestros complementos y has habilitado&nbsp;<strong>Compartir Linkedin<\/strong>&nbsp;bot\u00f3n oficial, puede agregar lo siguiente en la pol\u00edtica de privacidad de su sitio web:<\/p>\n\n\n\n<p><em>Utilizamos un widget de Linkedin Share en nuestro sitio web para permitirle compartir nuestras p\u00e1ginas web en Linkedin. Estas solicitudes pueden rastrear su direcci\u00f3n IP de acuerdo con su pol\u00edtica de privacidad de datos: https:\/\/www.linkedin.com\/legal\/privacy-policy<\/em><\/p>\n\n\n\n<p><strong>Pinterest Guardar bot\u00f3n oficial<\/strong><\/p>\n\n\n\n<p>Si estas usando&nbsp;<strong>compartiendo socialmente<\/strong>&nbsp;caracter\u00edstica de nuestros complementos y has habilitado&nbsp;<strong>Pinterest Guardar<\/strong>&nbsp;bot\u00f3n oficial, puede agregar lo siguiente en la pol\u00edtica de privacidad de su sitio web:<\/p>\n\n\n\n<p><em>Utilizamos el widget Guardar de Pinterest en nuestro sitio web para permitirle fijar im\u00e1genes a Pinterest desde nuestras p\u00e1ginas web. Estas solicitudes pueden rastrear su direcci\u00f3n IP de acuerdo con su pol\u00edtica de privacidad de datos: https:\/\/policy.pinterest.com\/en\/privacy-policy<\/em><\/p>\n\n\n\n<p><strong>Bot\u00f3n oficial de buffer<\/strong><\/p>\n\n\n\n<p>Si estas usando&nbsp;<strong>compartiendo socialmente<\/strong>&nbsp;caracter\u00edstica de nuestros complementos y has habilitado&nbsp;<strong>Buffer<\/strong>&nbsp;bot\u00f3n oficial, puede agregar lo siguiente en la pol\u00edtica de privacidad de su sitio web:<\/p>\n\n\n\n<p><em>Usamos el widget Buffer en nuestro sitio web para permitirle agregar nuestras p\u00e1ginas web a su cuenta Buffer, que recopila datos de registro de su navegador. Estos datos de registro pueden incluir informaci\u00f3n como su direcci\u00f3n IP, tipo de navegador o el dominio en el que est\u00e1 interactuando con el widget, de acuerdo con su pol\u00edtica de privacidad: https:\/\/buffer.com\/privacy<\/em><\/p>\n\n\n\n<p><strong>Bot\u00f3n oficial de Xing Share<\/strong><\/p>\n\n\n\n<p>Si est\u00e1 utilizando la funci\u00f3n de intercambio social de nuestros complementos y ha habilitado&nbsp;<strong>Xing Share<\/strong>&nbsp;bot\u00f3n oficial, puede agregar lo siguiente en la pol\u00edtica de privacidad de su sitio web:<\/p>\n\n\n\n<p><em>Utilizamos el widget Xing Share en nuestro sitio web para permitirle compartir nuestras p\u00e1ginas web en Xing y esto permite que Xing recopile datos sobre usted autom\u00e1ticamente mediante el seguimiento, de acuerdo con su pol\u00edtica de privacidad: https:\/\/privacy.xing.com\/en\/ pol\u00edtica de privacidad<\/em><\/p>\n\n\n\n<p><strong>Bot\u00f3n oficial de la insignia de Reddit<\/strong><\/p>\n\n\n\n<p>Si est\u00e1 utilizando la funci\u00f3n de intercambio social de nuestros complementos y ha habilitado&nbsp;<strong>Insignia Reddit<\/strong>&nbsp;bot\u00f3n oficial, puede agregar lo siguiente en la pol\u00edtica de privacidad de su sitio web:<\/p>\n\n\n\n<p><em>Utilizamos el widget Reddit Badge en nuestro sitio web que puede registrar informaci\u00f3n cuando interact\u00faa con el widget. Esto puede incluir su direcci\u00f3n IP, cadena de agente de usuario, tipo de navegador, sistema operativo, URL de referencia, informaci\u00f3n del dispositivo (por ejemplo, ID del dispositivo), p\u00e1ginas visitadas, enlaces en los que se hizo clic, interacciones del usuario (por ejemplo, datos de votaci\u00f3n), la URL solicitada y el hardware configuraciones, de acuerdo con su pol\u00edtica de privacidad: https:\/\/www.redditinc.com\/policies\/privacy-policy<\/em><\/p>\n\n\n\n<p><strong>Bot\u00f3n oficial de la insignia StumbleUpon<\/strong><\/p>\n\n\n\n<p>Si est\u00e1 utilizando la funci\u00f3n de intercambio social de nuestros complementos y ha habilitado&nbsp;<strong>Insignia StumbleUpon<\/strong>&nbsp;bot\u00f3n oficial, puede agregar lo siguiente en la pol\u00edtica de privacidad de su sitio web:<\/p>\n\n\n\n<p><em>Utilizamos el widget StumbleUpon Badge en nuestro sitio web que puede registrar informaci\u00f3n cuando interact\u00faa con el widget. Los datos de registro son una forma de informaci\u00f3n no identificable, de acuerdo con su pol\u00edtica de privacidad: http:\/\/www.stumbleupon.com\/privacy<\/em><\/p>\n\n\n\n<p><strong>Nota<\/strong><strong>:&nbsp;<\/strong>Si est\u00e1 utilizando solo los \u00edconos redondos, cuadrados y compartidos de redes sociales que se pueden personalizar desde&nbsp;<strong>Selecci\u00f3n de tema&nbsp;<\/strong>secci\u00f3n en la p\u00e1gina de opciones para compartir en redes sociales, no necesita incluir ning\u00fan fragmento de pol\u00edtica de privacidad con respecto a estos en la pol\u00edtica de privacidad de su sitio web<\/p>","protected":false},"excerpt":{"rendered":"<p>We do not track any user data via our plugins. But if our plugin depends on any third party service, they might track user data.&nbsp;This can happen in following two ways: 1. Embedded Widgets Some of our plugins have features to integrate embedded widgets as is, from third party services (like Facebook Like, Facebook Recommend, [&hellip;]<\/p>","protected":false},"author":1,"featured_media":0,"parent":0,"menu_order":0,"comment_status":"closed","ping_status":"closed","template":"","meta":{"site-sidebar-layout":"default","site-content-layout":"","ast-site-content-layout":"default","site-content-style":"default","site-sidebar-style":"default","ast-global-header-display":"","ast-banner-title-visibility":"","ast-main-header-display":"","ast-hfb-above-header-display":"","ast-hfb-below-header-display":"","ast-hfb-mobile-header-display":"","site-post-title":"","ast-breadcrumbs-content":"","ast-featured-img":"","footer-sml-layout":"","theme-transparent-header-meta":"","adv-header-id-meta":"","stick-header-meta":"","header-above-stick-meta":"","header-main-stick-meta":"","header-below-stick-meta":"","astra-migrate-meta-layouts":"default","ast-page-background-enabled":"default","ast-page-background-meta":{"desktop":{"background-color":"var(--ast-global-color-4)","background-image":"","background-repeat":"repeat","background-position":"center center","background-size":"auto","background-attachment":"scroll","background-type":"","background-media":"","overlay-type":"","overlay-color":"","overlay-opacity":"","overlay-gradient":""},"tablet":{"background-color":"","background-image":"","background-repeat":"repeat","background-position":"center center","background-size":"auto","background-attachment":"scroll","background-type":"","background-media":"","overlay-type":"","overlay-color":"","overlay-opacity":"","overlay-gradient":""},"mobile":{"background-color":"","background-image":"","background-repeat":"repeat","background-position":"center center","background-size":"auto","background-attachment":"scroll","background-type":"","background-media":"","overlay-type":"","overlay-color":"","overlay-opacity":"","overlay-gradient":""}},"ast-content-background-meta":{"desktop":{"background-color":"var(--ast-global-color-5)","background-image":"","background-repeat":"repeat","background-position":"center center","background-size":"auto","background-attachment":"scroll","background-type":"","background-media":"","overlay-type":"","overlay-color":"","overlay-opacity":"","overlay-gradient":""},"tablet":{"background-color":"var(--ast-global-color-5)","background-image":"","background-repeat":"repeat","background-position":"center center","background-size":"auto","background-attachment":"scroll","background-type":"","background-media":"","overlay-type":"","overlay-color":"","overlay-opacity":"","overlay-gradient":""},"mobile":{"background-color":"var(--ast-global-color-5)","background-image":"","background-repeat":"repeat","background-position":"center center","background-size":"auto","background-attachment":"scroll","background-type":"","background-media":"","overlay-type":"","overlay-color":"","overlay-opacity":"","overlay-gradient":""}},"footnotes":""},"class_list":["post-1165","page","type-page","status-publish","hentry"],"jetpack_sharing_enabled":true,"_links":{"self":[{"href":"https:\/\/photo-makers.com\/es\/wp-json\/wp\/v2\/pages\/1165","targetHints":{"allow":["GET"]}}],"collection":[{"href":"https:\/\/photo-makers.com\/es\/wp-json\/wp\/v2\/pages"}],"about":[{"href":"https:\/\/photo-makers.com\/es\/wp-json\/wp\/v2\/types\/page"}],"author":[{"embeddable":true,"href":"https:\/\/photo-makers.com\/es\/wp-json\/wp\/v2\/users\/1"}],"replies":[{"embeddable":true,"href":"https:\/\/photo-makers.com\/es\/wp-json\/wp\/v2\/comments?post=1165"}],"version-history":[{"count":2,"href":"https:\/\/photo-makers.com\/es\/wp-json\/wp\/v2\/pages\/1165\/revisions"}],"predecessor-version":[{"id":5488,"href":"https:\/\/photo-makers.com\/es\/wp-json\/wp\/v2\/pages\/1165\/revisions\/5488"}],"wp:attachment":[{"href":"https:\/\/photo-makers.com\/es\/wp-json\/wp\/v2\/media?parent=1165"}],"curies":[{"name":"wp","href":"https:\/\/api.w.org\/{rel}","templated":true}]}}